{"id":62444,"date":"2023-04-12T14:20:45","date_gmt":"2023-04-12T14:20:45","guid":{"rendered":"https:\/\/hotel.olympland.cz\/?page_id=62444"},"modified":"2023-04-12T14:22:04","modified_gmt":"2023-04-12T14:22:04","slug":"podminky-ochrany-osobnich-udaju-hotel","status":"publish","type":"page","link":"https:\/\/hotel.olympland.cz\/en\/podminky-ochrany-osobnich-udaju-hotel\/","title":{"rendered":"Podm\u00ednky ochrany osobn\u00edch \u00fadaj\u016f &#8211; hotel"},"content":{"rendered":"<p>Prohl\u00e1\u0161en\u00ed o\u00a0ochran\u011b soukrom\u00ed<\/p>\n<p>Obecn\u00e9 na\u0159\u00edzen\u00ed o\u00a0ochran\u011b osobn\u00edch \u00fadaj\u016f (General Data\u00a0Protection\u00a0Regulation\u00a0neboli GDPR) \u00fa\u010dinn\u00e9 od\u00a025.\u00a05.\u00a02018\u00a0m\u00e1 za\u00a0c\u00edl h\u00e1jit pr\u00e1va\u00a0(p\u0159edev\u0161\u00edm)\u00a0ob\u010dan\u016f Evropsk\u00e9 unie proti neopr\u00e1vn\u011bn\u00e9mu\u00a0nakl\u00e1d\u00e1n\u00ed s\u00a0jejich osobn\u00edmi \u00fadaji.<\/p>\n<p>P\u0159ed u\u017eit\u00edm webov\u00fdch str\u00e1nek olympland.cz je pot\u0159eba se nejprve sezn\u00e1mit Podm\u00ednkami u\u017e\u00edv\u00e1n\u00ed webov\u00fdch str\u00e1nek olympland.cz.<\/p>\n<p>Osobn\u00ed \u00fadaje, kter\u00e9 shroma\u010fujeme na\u00a0webov\u00fdch str\u00e1nk\u00e1ch<\/p>\n<p>Na\u0161e www str\u00e1nky m\u016f\u017eete nav\u0161t\u011bvovat a\u00a0pou\u017e\u00edvat bez\u00a0toho, abyste n\u00e1m sd\u011blovali jak\u00e9koliv osobn\u00ed \u00fadaje.\u00a0Osobn\u00ed \u00fadaje shroma\u017e\u010fujeme jenom v\u00a0p\u0159\u00edpad\u011b, \u017ee\u00a0n\u00e1m je sami dobrovoln\u011b poskytnete.\u00a0\u00dadaje, kter\u00e9 zpracov\u00e1v\u00e1me, budou pou\u017eity v\u00fdhradn\u011b za\u00a0\u00fa\u010delem, pro\u00a0kter\u00fd jste dali souhlas, pokud platn\u00e1 legislativa neumo\u017e\u0148uje jinak.\u00a0Budeme uchov\u00e1vat Va\u0161e osobn\u00ed \u00fadaje pouze po\u00a0dobu nezbytnou k\u00a0tomu, aby bylo dosa\u017eeno \u00fa\u010delu slu\u017eby, kterou jste si vy\u017e\u00e1dali, nebo \u00fa\u010delu, ke\u00a0kter\u00e9mu jste dali sv\u016fj souhlas, nen\u00ed-li platnou legislativou umo\u017en\u011bno jinak.<\/p>\n<p>Jak\u00e9 informace jsou shroma\u017e\u010fov\u00e1ny?<\/p>\n<p>Jsou shroma\u017e\u010fov\u00e1ny informace u\u017eivatel\u016f, kte\u0159\u00ed se zaregistruj\u00ed na webov\u00fdch str\u00e1nk\u00e1ch olympland.cz, p\u0159ihl\u00e1s\u00ed k odb\u011bru novinek nebo vyu\u017eij\u00ed kontaktn\u00ed formul\u00e1\u0159e. \u00da\u010delem jejich zpracov\u00e1v\u00e1n\u00ed je p\u0159edev\u0161\u00edm:<\/p>\n<p>Zas\u00edl\u00e1n\u00ed novinek a nab\u00edzen\u00ed dal\u0161\u00edch slu\u017eeb spole\u010dnosti Pratr a.s.<br \/>\nkontrola a spr\u00e1va u\u017eivatelsk\u00fdch \u00fa\u010dt\u016f,<br \/>\npln\u011bn\u00ed v\u0161ech povinnost\u00ed dle smluv uzav\u0159en\u00fdch s u\u017eivateli a v\u00fdkon a ochrana v\u0161ech pr\u00e1v Spole\u010dnosti dle t\u011bchto smluv a dle z\u00e1kona,<br \/>\npln\u011bn\u00ed z\u00e1konn\u00fdch povinnost\u00ed<br \/>\nmarketingov\u00e9 \u00fa\u010dely<br \/>\nrychl\u00e1 komunikace a vy\u0159\u00edzen\u00ed rezervace spole\u010dnost\u00ed Pratr a.s..<\/p>\n<p>Spole\u010dnost shroma\u017e\u010fuje, zpracov\u00e1v\u00e1 a uchov\u00e1v\u00e1 osobn\u00ed \u00fadaje pouze ke stanoven\u00e9mu \u00fa\u010delu a pouze v nezbytn\u011b nutn\u00e9m rozsahu pro napln\u011bn\u00ed tohoto \u00fa\u010delu. Spole\u010dnost nikdy nezatajuje \u00fa\u010del, pro kter\u00fd je osobn\u00ed \u00fadaj shrom\u00e1\u017ed\u011bn a d\u00e1le zpracov\u00e1v\u00e1n.<\/p>\n<p>Spole\u010dnost zpracov\u00e1v\u00e1 a uchov\u00e1v\u00e1 osobn\u00ed \u00fadaje pouze po dobu, kter\u00e1 je nezbytn\u00e1 k napln\u011bn\u00ed \u00fa\u010delu jejich zpracov\u00e1v\u00e1n\u00ed, nebo po dobu, na kterou u\u017eivatel poskytl souhlas se zpracov\u00e1v\u00e1n\u00edm sv\u00fdch osobn\u00edch \u00fadaj\u016f. Spole\u010dnost dodr\u017euje pravidla povinn\u00e9 archivace \u00fadaj\u016f.<\/p>\n<p>Spole\u010dnost m\u016f\u017ee osobn\u00ed \u00fadaje zpracov\u00e1vat toliko na z\u00e1klad\u011b ud\u011blen\u00e9ho souhlasu u\u017eivatel\u016f, a v\u00fdjimkou z\u00e1konem p\u0159edpokl\u00e1dan\u00fdch situac\u00ed, ve kter\u00fdch se souhlas nevy\u017eaduje. Spole\u010dnost zaji\u0161\u0165uje ochranu dat proti neopr\u00e1vn\u011bn\u00e9mu nebo nahodil\u00e9mu p\u0159\u00edstupu, proti zm\u011bn\u011b, zni\u010den\u00ed, ztr\u00e1t\u011b, neopr\u00e1vn\u011bn\u00fdm p\u0159enos\u016fm, nebo jin\u00e9mu neopr\u00e1vn\u011bn\u00e9mu zpracov\u00e1n\u00ed, jako\u017e i k jin\u00e9mu zneu\u017eit\u00ed z\u00e1znam\u016f, kter\u00e9 obsahuj\u00ed osobn\u00ed \u00fadaje.<\/p>\n<p>Jakmile pomine \u00fa\u010del, pro kter\u00fd byly osobn\u00ed \u00fadaje zpracov\u00e1v\u00e1ny, nebo uplynula-li doba, na kterou byl poskytnut souhlas se zpracov\u00e1n\u00edm osobn\u00edch \u00fadaj\u016f a po uplynut\u00ed skarta\u010dn\u00edch lh\u016ft, provede Spole\u010dnost likvidaci osobn\u00edch \u00fadaj\u016f.<\/p>\n<p>Osobn\u00ed \u00fadaje u\u017eivatel\u016f, a\u0165 u\u017e ve\u0159ejn\u00e9 nebo soukrom\u00e9, nebudou poskytnuty, zcizeny, sm\u011bn\u011bny, p\u0159en\u00e1\u0161eny \u010di jakkoli jinak sd\u011blov\u00e1ny t\u0159et\u00ed osob\u011b, bez v\u00fdslovn\u00e9ho souhlasu u\u017eivatele.<\/p>\n<p>E-mailov\u00e1 adresa, kter\u00e1 byla u\u017eivatelem poskytnuta, m\u016f\u017ee b\u00fdt pou\u017eita k zas\u00edl\u00e1n\u00ed informac\u00ed nebo dal\u0161\u00edm po\u017eadavk\u016fm \u010di dotaz\u016fm provozovatele.<\/p>\n<p>Pou\u017e\u00edv\u00e1 webov\u00e1 str\u00e1nka olympland.cz cookies?<\/p>\n<p>Ano. Pravidla o u\u017e\u00edv\u00e1n\u00ed cookies naleznete v samostan\u00e9 sekci.<\/p>\n<p>Odkazy t\u0159et\u00edch stran<\/p>\n<p>olympland.cz m\u016f\u017ee nab\u00edzet produkty nebo slu\u017eby t\u0159et\u00edch stran, na webov\u00fdch str\u00e1nk\u00e1ch olympland.cz. Tyto aktivity (str\u00e1nky) t\u0159et\u00edch stran jsou samostatn\u00e9 a nez\u00e1visl\u00e9 politiky ochrany osobn\u00edch \u00fadaj\u016f webov\u00e9 str\u00e1nky olympland.cz. Spole\u010dnost nenese \u017e\u00e1dnou odpov\u011bdnost za obsah a \u010dinnosti synt\u00e9zy odkazovan\u00fdch str\u00e1nek. olympland.cz se sna\u017e\u00ed chr\u00e1nit integritu webov\u00fdch str\u00e1nek a jak\u00e1koliv zp\u011btn\u00e1 vazba bude v\u00edt\u00e1na.<\/p>\n<p>Tyto z\u00e1sady ochrany osobn\u00edch \u00fadaj\u016f plat\u00ed pouze pro informace shroma\u017e\u010fovan\u00e9 prost\u0159ednictv\u00edm internetov\u00e9 adresy olympland.cz v re\u017eimu online, nikoliv v\u0161ak k informac\u00edm shroma\u017e\u010fovan\u00fdm v re\u017eimu offlline.<\/p>\n<p>V\u00e1\u0161 souhlas<\/p>\n<p>U\u017e\u00edv\u00e1n\u00edm webov\u00fdch str\u00e1nek olympland.cz u\u017eivatel v\u00fdslovn\u011b souhlas\u00ed s podm\u00ednkami jejich u\u017e\u00edv\u00e1n\u00ed, a s jej\u00edmi z\u00e1sadami ochrany osobn\u00edch \u00fadaj\u016f.<\/p>\n<p>Subjekty\u00a0\u00fadaj\u016f maj\u00ed pr\u00e1vo<\/p>\n<p>Pr\u00e1vo na\u00a0p\u0159\u00edstup\u00a0umo\u017e\u0148uje subjektu \u00fadaj\u016f\u00a0zjistit, zda a\u00a0p\u0159\u00edpadn\u011b jak\u00e9 \u00fadaje o\u00a0jeho osob\u011b spr\u00e1vce zpracov\u00e1v\u00e1 a\u00a0uchov\u00e1v\u00e1, \u00fa\u010del, pr\u00e1vn\u00ed z\u00e1klad, zp\u016fsob a\u00a0dobu zpracov\u00e1n\u00ed a\u00a0p\u0159\u00edjemc\u00edch, kter\u00fdm jsou osobn\u00ed \u00fadaje zp\u0159\u00edstupn\u011bny. Stejn\u011b tak m\u00e1 ka\u017ed\u00fd\u00a0subjekt \u00fadaj\u016f\u00a0pr\u00e1vo na\u00a0kopie v\u0161ech osobn\u00edch \u00fadaj\u016f, kter\u00e9 o\u00a0n\u011bm spr\u00e1vce zpracov\u00e1v\u00e1. T\u00edm\u00a0by v\u0161ak nikdy nem\u011bla b\u00fdt dot\u010dena pr\u00e1va ostatn\u00edch (zejm\u00e9na pr\u00e1vo na\u00a0ochranu jejich osobn\u00edch \u00fadaj\u016f, ale rovn\u011b\u017e se\u00a0m\u016f\u017ee jednat o\u00a0ochranu du\u0161evn\u00edho vlastnictv\u00ed \u010di obchodn\u00edho tajemstv\u00ed), p\u0159\u00edpadn\u011b ohro\u017eena n\u00e1rodn\u00ed bezpe\u010dnost. Subjekty \u00fadaj\u016f\u00a0tak\u00e9 maj\u00ed b\u00fdt informov\u00e1ni o\u00a0tom, zda jsou jeho osobn\u00ed \u00fadaje vyu\u017e\u00edv\u00e1ny k\u202fautomatick\u00e9mu rozhodov\u00e1n\u00ed nebo profilov\u00e1n\u00ed. V\u202ft\u00e9to souvislosti m\u00e1 subjekt \u00fadaj\u016f pr\u00e1vo\u00a0dozv\u011bd\u011bt se\u00a0tak\u00e9, jak\u00e9 postupy, v\u00fdznam a\u00a0p\u0159edpokl\u00e1dan\u00e9 d\u016fsledky takov\u00e9 zpracov\u00e1n\u00ed m\u016f\u017ee p\u0159edstavovat.<\/p>\n<p>Pr\u00e1vo na\u00a0opravu\u00a0umo\u017e\u0148uje subjektu \u00fadaj\u016f do\u017eadovat se\u00a0n\u00e1pravy v\u00a0p\u0159\u00edpad\u011b, kdy zjist\u00ed, \u017ee\u00a0evidovan\u00e9 \u00fadaje jsou nespr\u00e1vn\u00e9, nep\u0159esn\u00e9 nebo ne\u00fapln\u00e9. Spr\u00e1vce osobn\u00edch \u00fadaj\u016f mus\u00ed zajistit proveden\u00ed opravy bez\u00a0zbyte\u010dn\u00e9ho odkladu. Za\u00a0t\u00edmto \u00fa\u010delem spr\u00e1vce zajist\u00ed vhodn\u00fd jednotn\u00fd postup pro\u00a0pod\u00e1v\u00e1n\u00ed a\u00a0vy\u0159izov\u00e1n\u00ed \u017e\u00e1dost\u00ed, nap\u0159.\u00a0prost\u0159ednictv\u00edm online \u017e\u00e1dost\u00ed o\u00a0opravu.<\/p>\n<p>Pr\u00e1vo na\u00a0v\u00fdmaz\u00a0(neboli pr\u00e1vo b\u00fdt zapomenut) umo\u017e\u0148uje subjektu \u00fadaj\u016f po\u017eadovat odstran\u011bn\u00ed sv\u00fdch \u00fadaj\u016f z\u00a0evidence spr\u00e1vce, pokud nastane n\u011bkter\u00fd z\u00a0t\u011bchto p\u0159\u00edpad\u016f:<\/p>\n<p>Osobn\u00ed \u00fadaje jsou evidov\u00e1ny a\u00a0zpracov\u00e1v\u00e1ny protipr\u00e1vn\u011b, nap\u0159.\u00a0uplynula stanoven\u00e1 doba zpracov\u00e1n\u00ed;<br \/>\nzpracov\u00e1n\u00ed bylo zalo\u017eeno na\u00a0souhlasu, kter\u00fd byl odvol\u00e1n, a\u00a0z\u00e1rove\u0148 neexistuje jin\u00fd pr\u00e1vn\u00ed d\u016fvod pro\u00a0jejich zpracov\u00e1n\u00ed;<br \/>\nrodi\u010d nesouhlas\u00ed se\u00a0zpracov\u00e1n\u00edm osobn\u00edch dat sv\u00e9ho d\u00edt\u011bte (pokud se\u00a0jedn\u00e1 o\u00a0zpracov\u00e1n\u00ed \u00fadaj\u016f na\u00a0z\u00e1klad\u011b souhlasu pro\u00a0slu\u017eby informa\u010dn\u00ed spole\u010dnosti).<br \/>\nosobn\u00ed \u00fadaje ji\u017e nejsou pro\u00a0\u00fa\u010del, pro\u00a0kter\u00fd byly uchov\u00e1v\u00e1ny a\u00a0zpracov\u00e1v\u00e1ny, pot\u0159eba;<br \/>\nsubjekt \u00fadaj\u016f vznese n\u00e1mitku proti zpracov\u00e1n\u00ed zalo\u017een\u00e9m na\u00a0opr\u00e1vn\u011bn\u00fdch z\u00e1jmech spr\u00e1vce osobn\u00edch \u00fadaj\u016f a\u00a0tyto opr\u00e1vn\u011bn\u00e9 z\u00e1jmy nep\u0159ev\u00e1\u017e\u00ed z\u00e1jem na\u00a0ochran\u011b osobn\u00edch \u00fadaj\u016f ob\u010dana.<\/p>\n<p>V\u202fp\u0159\u00edpad\u011b uplatn\u011bn\u00ed pr\u00e1va na\u00a0v\u00fdmaz je subjekt\u00a0\u00fadaj\u016f opr\u00e1vn\u011bn po\u017eadovat v\u00fdmaz v\u0161ech v\u00fdskyt\u016f a\u00a0odkaz\u016f na\u00a0jeho osobn\u00ed \u00fadaje ve\u00a0v\u0161ech jejich kopi\u00edch.<\/p>\n<p>Pr\u00e1vo\u00a0na\u00a0omezen\u00ed zpracov\u00e1n\u00ed\u00a0ukl\u00e1d\u00e1 spr\u00e1vci osobn\u00edch \u00fadaj\u016f omezit zpracov\u00e1v\u00e1n\u00ed osobn\u00edch \u00fadaj\u016f ob\u010dana z\u202fn\u00e1sleduj\u00edc\u00edch d\u016fvod\u016f:<\/p>\n<p>Pokud subjekt \u00fadaj\u016f nam\u00edt\u00e1, \u017ee\u00a0zpracov\u00e1van\u00e9 \u00fadaje jsou nep\u0159esn\u00e9, je mo\u017en\u00e9 po\u017eadovat omezen\u00ed zpracov\u00e1n\u00ed na\u00a0dobu nutnou k\u00a0ov\u011b\u0159en\u00ed p\u0159esnosti osobn\u00edch \u00fadaj\u016f;<br \/>\njestli\u017ee pro\u00a0zpracov\u00e1n\u00ed osobn\u00edch \u00fadaj\u016f neexistuje pr\u00e1vn\u00ed z\u00e1klad, m\u016f\u017ee subjekt \u00fadaj\u016f m\u00edsto v\u00fdmazu po\u017eadovat omezen\u00ed zpracov\u00e1n\u00ed (tedy aby je spr\u00e1vce po\u00a0vymezenou dobu pouze uchoval, av\u0161ak jinak nezpracov\u00e1val);<br \/>\na\u010dkoli osobn\u00ed \u00fadaje ji\u017e nejsou pot\u0159eba pro\u00a0vyty\u010den\u00fd \u00fa\u010del spr\u00e1vce, mohou b\u00fdt i\u00a0nad\u00e1le pot\u0159ebn\u00e9 pro\u00a0ob\u010dana, nap\u0159.\u00a0pro\u00a0obhajobu p\u0159\u00edpadn\u00fdch pr\u00e1vn\u00edch n\u00e1rok\u016f;<br \/>\njestli\u017ee subjekt \u00fadaj\u016f ji\u017e vznesl n\u00e1mitku proti zpracov\u00e1n\u00ed \u00fadaj\u016f, je opr\u00e1vn\u011bn z\u00e1rove\u0148 po\u017eadovat omezen\u00ed zpracov\u00e1n\u00ed na\u00a0dobu nutnou k\u202fov\u011b\u0159en\u00ed, zda opr\u00e1vn\u011bn\u00e9 z\u00e1jmy spr\u00e1vce p\u0159ev\u00e1\u017e\u00ed nad\u00a0z\u00e1jmy subjektu \u00fadaj\u016f.<\/p>\n<p>Pr\u00e1vo vzn\u00e9st n\u00e1mitky\u00a0umo\u017e\u0148uje subjektu \u00fadaj\u016f ohradit se\u00a0proti zpracov\u00e1n\u00ed jeho osobn\u00edch \u00fadaj\u016f zalo\u017een\u00e9m na\u00a0opr\u00e1vn\u011bn\u00e9m nebo ve\u0159ejn\u00e9m z\u00e1jmu spr\u00e1vce osobn\u00edch \u00fadaj\u016f. V\u202fp\u0159\u00edpad\u011b n\u00e1mitek subjektu \u00fadaj\u016f m\u00e1 spr\u00e1vce povinnost ov\u011b\u0159it a\u00a0\u0159\u00e1dn\u011b zd\u016fvodnit, zda opr\u00e1vn\u011bn\u00e9 \u010di ve\u0159ejn\u00e9 z\u00e1jmy p\u0159eva\u017euj\u00ed nad\u00a0z\u00e1jmy subjektu \u00fadaj\u016f na\u00a0ochran\u011b jeho osobn\u00edch \u00fadaj\u016f.<\/p>\n<p>Pr\u00e1vo na\u00a0p\u0159enositelnost\u00a0umo\u017e\u0148uje subjektu \u00fadaj\u016f z\u00edskat sv\u00e9 osobn\u00ed \u00fadaje ve\u00a0strukturovan\u00e9 strojov\u011b \u010diteln\u00e9 podob\u011b. Rovn\u011b\u017e m\u016f\u017ee po\u017eadovat, aby tyto \u00fadaje byly p\u0159ed\u00e1ny p\u0159\u00edmo jin\u00e9mu spr\u00e1vci, pokud je to (technicky) mo\u017en\u00e9 a\u00a0provediteln\u00e9. Pr\u00e1vo se\u00a0v\u0161ak uplatn\u00ed pouze v\u202fp\u0159\u00edpadech, kdy je zpracov\u00e1n\u00ed osobn\u00edch \u00fadaj\u016f zalo\u017eeno na\u00a0souhlasu \u010di smlouv\u011b.<\/p>\n<p>Tato pr\u00e1va mohou ob\u010dan\u00e9 uplatnit:<\/p>\n<p>\u00fastn\u011b\u00a0\u2013 v\u00a0s\u00eddle organizace<br \/>\np\u00edsemn\u011b\u00a0\u2013 osobn\u011b v\u00a0s\u00eddle organizace\u00a0nebo po\u0161tou na\u00a0adresu s\u00eddla organizace<br \/>\nN\u00e1chodsk\u00e1 524, 541 03\u00a0 TRUTNOV, \u010cesk\u00e1 Republika<br \/>\ne-mailem: info@upgroup.cz<br \/>\ntelefonicky na\u00a0tel. \u010d\u00edsle: 737\u00a0278 923<\/p>\n<p>Lh\u016fta na\u00a0zpracov\u00e1n\u00ed \u017e\u00e1dosti:<\/p>\n<p>\u017d\u00e1dosti budou zpracov\u00e1ny do\u00a0jednoho m\u011bs\u00edce od\u00a0obdr\u017een\u00ed \u017e\u00e1dosti. Lh\u016ftu lze ve\u00a0v\u00fdjime\u010dn\u00fdch p\u0159\u00edpadech prodlou\u017eit o\u00a0dva m\u011bs\u00edce, zejm\u00e9na z\u202fd\u016fvodu komplexnosti a\u00a0obt\u00ed\u017enosti p\u0159\u00edpadu, o\u00a0\u010dem\u017e mus\u00ed b\u00fdt subjekt \u00fadaj\u016f ze\u00a0strany spr\u00e1vce informov\u00e1n, v\u010detn\u011b d\u016fvod\u016f prodlou\u017een\u00ed.<\/p>\n<p>Postup k\u202fuplatn\u011bn\u00ed t\u011bchto pr\u00e1v subjektu \u00fadaj\u016f:<\/p>\n<p>P\u0159ijet\u00ed \u017e\u00e1dosti<br \/>\nIdentifikace \u017eadatele<br \/>\nVyhodnocen\u00ed \u017e\u00e1dosti<br \/>\nRozhodnut\u00ed o\u00a0\u017e\u00e1dosti<br \/>\nV\u00fdkon rozhodnut\u00ed<br \/>\nInformov\u00e1n\u00ed \u017eadatele<\/p>","protected":false},"excerpt":{"rendered":"<p>Prohl\u00e1\u0161en\u00ed o\u00a0ochran\u011b soukrom\u00ed Obecn\u00e9 na\u0159\u00edzen\u00ed o\u00a0ochran\u011b osobn\u00edch \u00fadaj\u016f (General Data\u00a0Protection\u00a0Regulation\u00a0neboli GDPR) \u00fa\u010dinn\u00e9 od\u00a025.\u00a05.\u00a02018\u00a0m\u00e1 za\u00a0c\u00edl h\u00e1jit pr\u00e1va\u00a0(p\u0159edev\u0161\u00edm)\u00a0ob\u010dan\u016f Evropsk\u00e9 unie proti neopr\u00e1vn\u011bn\u00e9mu\u00a0nakl\u00e1d\u00e1n\u00ed s\u00a0jejich osobn\u00edmi \u00fadaji. P\u0159ed u\u017eit\u00edm webov\u00fdch str\u00e1nek olympland.cz je pot\u0159eba se nejprve sezn\u00e1mit Podm\u00ednkami u\u017e\u00edv\u00e1n\u00ed webov\u00fdch str\u00e1nek olympland.cz. Osobn\u00ed \u00fadaje, kter\u00e9 shroma\u010fujeme na\u00a0webov\u00fdch str\u00e1nk\u00e1ch Na\u0161e www str\u00e1nky m\u016f\u017eete nav\u0161t\u011bvovat a\u00a0pou\u017e\u00edvat bez\u00a0toho, abyste n\u00e1m sd\u011blovali jak\u00e9koliv [&hellip;]<\/p>","protected":false},"author":2,"featured_media":0,"parent":0,"menu_order":0,"comment_status":"closed","ping_status":"closed","template":"","meta":{"_et_pb_use_builder":"","_et_pb_old_content":"","_et_gb_content_width":"","footnotes":""},"_links":{"self":[{"href":"https:\/\/hotel.olympland.cz\/en\/wp-json\/wp\/v2\/pages\/62444"}],"collection":[{"href":"https:\/\/hotel.olympland.cz\/en\/wp-json\/wp\/v2\/pages"}],"about":[{"href":"https:\/\/hotel.olympland.cz\/en\/wp-json\/wp\/v2\/types\/page"}],"author":[{"embeddable":true,"href":"https:\/\/hotel.olympland.cz\/en\/wp-json\/wp\/v2\/users\/2"}],"replies":[{"embeddable":true,"href":"https:\/\/hotel.olympland.cz\/en\/wp-json\/wp\/v2\/comments?post=62444"}],"version-history":[{"count":3,"href":"https:\/\/hotel.olympland.cz\/en\/wp-json\/wp\/v2\/pages\/62444\/revisions"}],"predecessor-version":[{"id":62447,"href":"https:\/\/hotel.olympland.cz\/en\/wp-json\/wp\/v2\/pages\/62444\/revisions\/62447"}],"wp:attachment":[{"href":"https:\/\/hotel.olympland.cz\/en\/wp-json\/wp\/v2\/media?parent=62444"}],"curies":[{"name":"wp","href":"https:\/\/api.w.org\/{rel}","templated":true}]}}